{"id":7851,"date":"2026-03-19T15:29:12","date_gmt":"2026-03-19T13:29:12","guid":{"rendered":"https:\/\/whitecirrus.com\/?page_id=7851"},"modified":"2026-03-19T18:26:53","modified_gmt":"2026-03-19T16:26:53","slug":"services-2","status":"publish","type":"page","link":"https:\/\/whitecirrus.com\/en\/services-2\/","title":{"rendered":"Services"},"content":{"rendered":"\t\t<div data-elementor-type=\"wp-page\" data-elementor-id=\"7851\" class=\"elementor elementor-7851\" data-elementor-post-type=\"page\">\n\t\t\t\t<div class=\"elementor-element elementor-element-72bf1d3 e-flex e-con-boxed e-con e-parent\" data-id=\"72bf1d3\" data-element_type=\"container\" data-e-type=\"container\" data-settings=\"{&quot;background_background&quot;:&quot;classic&quot;}\">\n\t\t\t\t\t<div class=\"e-con-inner\">\n\t\t<div class=\"elementor-element elementor-element-e54b433 e-con-full e-flex e-con e-child\" data-id=\"e54b433\" data-element_type=\"container\" data-e-type=\"container\">\n\t\t\t\t<div class=\"elementor-element elementor-element-be84765 tj_section_align elementor-align-center elementor-widget elementor-widget-tj-title\" data-id=\"be84765\" data-element_type=\"widget\" data-e-type=\"widget\" data-widget_type=\"tj-title.default\">\n\t\t\t\t<div class=\"elementor-widget-container\">\n\t\t\t\t\t\r\n<div class=\"sec-heading\">\r\n\r\n  \r\n  <h1 class=\"sec-title text-anim\">SERVICES<\/h1>\r\n  <\/div>\r\n\r\n\t\t\t\t<\/div>\n\t\t\t\t<\/div>\n\t\t\t\t<\/div>\n\t\t\t\t\t<\/div>\n\t\t\t\t<\/div>\n\t\t<div class=\"elementor-element elementor-element-27a582c e-flex e-con-boxed e-con e-parent\" data-id=\"27a582c\" data-element_type=\"container\" data-e-type=\"container\">\n\t\t\t\t\t<div class=\"e-con-inner\">\n\t\t<div class=\"elementor-element elementor-element-0880618 e-con-full e-flex e-con e-child\" data-id=\"0880618\" data-element_type=\"container\" data-e-type=\"container\">\n\t\t\t\t<div class=\"elementor-element elementor-element-7b44a3e tj_section_align elementor-align-center elementor-widget elementor-widget-tj-title\" data-id=\"7b44a3e\" data-element_type=\"widget\" data-e-type=\"widget\" data-widget_type=\"tj-title.default\">\n\t\t\t\t<div class=\"elementor-widget-container\">\n\t\t\t\t\t\r\n<div class=\"sec-heading\">\r\n\r\n  \r\n  <h2 class=\"sec-title text-anim\">Soluciones estrat\u00e9gicas para la defensa del ma\u00f1ana<\/h2>\r\n  <\/div>\r\n\r\n\t\t\t\t<\/div>\n\t\t\t\t<\/div>\n\t\t\t\t<div class=\"elementor-element elementor-element-ad65be8 elementor-widget-divider--view-line elementor-invisible elementor-widget elementor-widget-divider\" data-id=\"ad65be8\" data-element_type=\"widget\" data-e-type=\"widget\" data-settings=\"{&quot;_animation&quot;:&quot;fadeInLeft&quot;}\" data-widget_type=\"divider.default\">\n\t\t\t\t\t\t\t<div class=\"elementor-divider\">\n\t\t\t<span class=\"elementor-divider-separator\">\n\t\t\t\t\t\t<\/span>\n\t\t<\/div>\n\t\t\t\t\t\t<\/div>\n\t\t\t\t<div class=\"elementor-element elementor-element-5939847 elementor-invisible elementor-widget elementor-widget-text-editor\" data-id=\"5939847\" data-element_type=\"widget\" data-e-type=\"widget\" data-settings=\"{&quot;_animation&quot;:&quot;fadeInLeft&quot;}\" data-widget_type=\"text-editor.default\">\n\t\t\t\t\t\t\t\t\t<p>En un entorno de seguridad en constante evoluci\u00f3n, necesitas un socio que cubra cada etapa del ciclo de vida de la <strong>tecnolog\u00eda dual<\/strong>. Por ello, desde White Cirrus, ayudamos a empresas innovadoras, gobiernos e inversores a conectar la agilidad del sector civil con la rigurosidad y las necesidades del mundo de la <strong>seguridad y la defensa<\/strong>.<\/p>\t\t\t\t\t\t\t\t<\/div>\n\t\t\t\t<div class=\"elementor-element elementor-element-e8c98d5 servicios-a elementor-invisible elementor-widget elementor-widget-tj-services\" data-id=\"e8c98d5\" data-element_type=\"widget\" data-e-type=\"widget\" data-settings=\"{&quot;_animation&quot;:&quot;fadeInDown&quot;}\" data-widget_type=\"tj-services.default\">\n\t\t\t\t<div class=\"elementor-widget-container\">\n\t\t\t\t\t\r\n<!-- start: Service Area -->\r\n<div class=\"tj_service\">\r\n      <div class=\"row rg-30 \">\r\n                        <div class=\"col-lg-4 col-md-6 \">\r\n            <div class=\"service-style-2 service-el-item\">\r\n              <div class=\"service-icon el-icon\">\r\n                                  <img decoding=\"async\" src=\"https:\/\/whitecirrus.com\/wp-content\/uploads\/2025\/10\/consultoria-1.svg\" alt=\"\">\r\n                              <\/div>\r\n              <div class=\"service-content\">\r\n                                <h4 class=\"title\">\r\n                  <a href=\"https:\/\/whitecirrus.com\/en\/services\/strategic-consulting\/\">\r\n                    Dual strategic consulting                  <\/a>\r\n                <\/h4>\r\n                                  <div class=\"desc\">\r\n                    <p>\r\n                      We connect civil innovation with military needs. We guide industrial and technology companies in transforming their civil solutions into solid proposals for the defense sector. We help you identify opportunities, navigate public procurement and manage licences, optimizing your market entry.                    <\/p>\r\n                  <\/div>\r\n                \r\n                              <\/div>\r\n                              <div class=\"thumb\">\r\n                  <img fetchpriority=\"high\" decoding=\"async\" width=\"2560\" height=\"1709\" src=\"https:\/\/whitecirrus.com\/wp-content\/uploads\/2025\/10\/Servicio-_Consultoria-estrategica-dual_-scaled.jpg\" class=\"img-responsive wp-post-image\" alt=\"\" srcset=\"https:\/\/whitecirrus.com\/wp-content\/uploads\/2025\/10\/Servicio-_Consultoria-estrategica-dual_-scaled.jpg 2560w, https:\/\/whitecirrus.com\/wp-content\/uploads\/2025\/10\/Servicio-_Consultoria-estrategica-dual_-300x200.jpg 300w, https:\/\/whitecirrus.com\/wp-content\/uploads\/2025\/10\/Servicio-_Consultoria-estrategica-dual_-1024x683.jpg 1024w, https:\/\/whitecirrus.com\/wp-content\/uploads\/2025\/10\/Servicio-_Consultoria-estrategica-dual_-768x513.jpg 768w, https:\/\/whitecirrus.com\/wp-content\/uploads\/2025\/10\/Servicio-_Consultoria-estrategica-dual_-1536x1025.jpg 1536w, https:\/\/whitecirrus.com\/wp-content\/uploads\/2025\/10\/Servicio-_Consultoria-estrategica-dual_-2048x1367.jpg 2048w\" sizes=\"(max-width: 2560px) 100vw, 2560px\" \/>                <\/div>\r\n                          <\/div>\r\n          <\/div>\r\n                  <div class=\"col-lg-4 col-md-6 \">\r\n            <div class=\"service-style-2 service-el-item\">\r\n              <div class=\"service-icon el-icon\">\r\n                                  <img decoding=\"async\" src=\"https:\/\/whitecirrus.com\/wp-content\/uploads\/2025\/10\/financiacion-publica.svg\" alt=\"\">\r\n                              <\/div>\r\n              <div class=\"service-content\">\r\n                                <h4 class=\"title\">\r\n                  <a href=\"https:\/\/whitecirrus.com\/en\/services\/financial-intermediation\/\">\r\n                    Financial Intermediation                  <\/a>\r\n                <\/h4>\r\n                                  <div class=\"desc\">\r\n                    <p>\r\n                      Financing for defense projects. Maximize your growth opportunities with our help in accessing funding. We advise you on how to obtain key European funds such as the European Defence Fund (EDF), Horizon Europe and the DIANA accelerator, as well as on creating strategic consortia for your projects.                    <\/p>\r\n                  <\/div>\r\n                \r\n                              <\/div>\r\n                              <div class=\"thumb\">\r\n                  <img decoding=\"async\" width=\"2000\" height=\"1000\" src=\"https:\/\/whitecirrus.com\/wp-content\/uploads\/2025\/10\/Servicio-_Financiacion-publica-y-capital-privado_.jpg\" class=\"img-responsive wp-post-image\" alt=\"\" srcset=\"https:\/\/whitecirrus.com\/wp-content\/uploads\/2025\/10\/Servicio-_Financiacion-publica-y-capital-privado_.jpg 2000w, https:\/\/whitecirrus.com\/wp-content\/uploads\/2025\/10\/Servicio-_Financiacion-publica-y-capital-privado_-300x150.jpg 300w, https:\/\/whitecirrus.com\/wp-content\/uploads\/2025\/10\/Servicio-_Financiacion-publica-y-capital-privado_-1024x512.jpg 1024w, https:\/\/whitecirrus.com\/wp-content\/uploads\/2025\/10\/Servicio-_Financiacion-publica-y-capital-privado_-768x384.jpg 768w, https:\/\/whitecirrus.com\/wp-content\/uploads\/2025\/10\/Servicio-_Financiacion-publica-y-capital-privado_-1536x768.jpg 1536w\" sizes=\"(max-width: 2000px) 100vw, 2000px\" \/>                <\/div>\r\n                          <\/div>\r\n          <\/div>\r\n                  <div class=\"col-lg-4 col-md-6 \">\r\n            <div class=\"service-style-2 service-el-item\">\r\n              <div class=\"service-icon el-icon\">\r\n                                  <img decoding=\"async\" src=\"https:\/\/whitecirrus.com\/wp-content\/uploads\/2025\/10\/formacion.svg\" alt=\"\">\r\n                              <\/div>\r\n              <div class=\"service-content\">\r\n                                <h4 class=\"title\">\r\n                  <a href=\"https:\/\/whitecirrus.com\/en\/services\/training-and-technical-services\/\">\r\n                    Training and technical services                  <\/a>\r\n                <\/h4>\r\n                                  <div class=\"desc\">\r\n                    <p>\r\n                      Certifications and compliance for the defense sector. We offer executive and technical training in regulation and export, and technical services for the validation and certification of technologies (NATO certifications), ensuring regulatory compliance.                    <\/p>\r\n                  <\/div>\r\n                \r\n                              <\/div>\r\n                              <div class=\"thumb\">\r\n                  <img decoding=\"async\" width=\"2560\" height=\"1707\" src=\"https:\/\/whitecirrus.com\/wp-content\/uploads\/2025\/10\/Servicio-_Formacion-y-servicios-tecnicos_-scaled.jpg\" class=\"img-responsive wp-post-image\" alt=\"\" srcset=\"https:\/\/whitecirrus.com\/wp-content\/uploads\/2025\/10\/Servicio-_Formacion-y-servicios-tecnicos_-scaled.jpg 2560w, https:\/\/whitecirrus.com\/wp-content\/uploads\/2025\/10\/Servicio-_Formacion-y-servicios-tecnicos_-300x200.jpg 300w, https:\/\/whitecirrus.com\/wp-content\/uploads\/2025\/10\/Servicio-_Formacion-y-servicios-tecnicos_-1024x683.jpg 1024w, https:\/\/whitecirrus.com\/wp-content\/uploads\/2025\/10\/Servicio-_Formacion-y-servicios-tecnicos_-768x512.jpg 768w, https:\/\/whitecirrus.com\/wp-content\/uploads\/2025\/10\/Servicio-_Formacion-y-servicios-tecnicos_-1536x1024.jpg 1536w, https:\/\/whitecirrus.com\/wp-content\/uploads\/2025\/10\/Servicio-_Formacion-y-servicios-tecnicos_-2048x1365.jpg 2048w\" sizes=\"(max-width: 2560px) 100vw, 2560px\" \/>                <\/div>\r\n                          <\/div>\r\n          <\/div>\r\n                  <div class=\"col-lg-4 col-md-6 \">\r\n            <div class=\"service-style-2 service-el-item\">\r\n              <div class=\"service-icon el-icon\">\r\n                                  <img decoding=\"async\" src=\"https:\/\/whitecirrus.com\/wp-content\/uploads\/2025\/10\/planes-de-seguridad-1.svg\" alt=\"\">\r\n                              <\/div>\r\n              <div class=\"service-content\">\r\n                                <h4 class=\"title\">\r\n                  <a href=\"https:\/\/whitecirrus.com\/en\/services\/physical-and-logical-security-plans\/\">\r\n                    Physical and logical security plans                  <\/a>\r\n                <\/h4>\r\n                                  <div class=\"desc\">\r\n                    <p>\r\n                      Protect your future with comprehensive security solutions. We provide comprehensive protection for your critical infrastructure and sensitive operations. We design customized security plans, perform comprehensive risk analyses and perform compliance audits to ensure maximum protection of your assets                    <\/p>\r\n                  <\/div>\r\n                \r\n                              <\/div>\r\n                              <div class=\"thumb\">\r\n                  <img loading=\"lazy\" decoding=\"async\" width=\"2560\" height=\"1707\" src=\"https:\/\/whitecirrus.com\/wp-content\/uploads\/2025\/10\/Servicio-_Planes-de-seguridad-fisica-y-logica_-scaled.jpg\" class=\"img-responsive wp-post-image\" alt=\"\" srcset=\"https:\/\/whitecirrus.com\/wp-content\/uploads\/2025\/10\/Servicio-_Planes-de-seguridad-fisica-y-logica_-scaled.jpg 2560w, https:\/\/whitecirrus.com\/wp-content\/uploads\/2025\/10\/Servicio-_Planes-de-seguridad-fisica-y-logica_-300x200.jpg 300w, https:\/\/whitecirrus.com\/wp-content\/uploads\/2025\/10\/Servicio-_Planes-de-seguridad-fisica-y-logica_-1024x683.jpg 1024w, https:\/\/whitecirrus.com\/wp-content\/uploads\/2025\/10\/Servicio-_Planes-de-seguridad-fisica-y-logica_-768x512.jpg 768w, https:\/\/whitecirrus.com\/wp-content\/uploads\/2025\/10\/Servicio-_Planes-de-seguridad-fisica-y-logica_-1536x1024.jpg 1536w, https:\/\/whitecirrus.com\/wp-content\/uploads\/2025\/10\/Servicio-_Planes-de-seguridad-fisica-y-logica_-2048x1365.jpg 2048w\" sizes=\"(max-width: 2560px) 100vw, 2560px\" \/>                <\/div>\r\n                          <\/div>\r\n          <\/div>\r\n                  <\/div>\r\n      <\/div>\r\n\r\n<!-- end: Service Area -->\r\n\t\t\t\t<\/div>\n\t\t\t\t<\/div>\n\t\t\t\t<\/div>\n\t\t\t\t\t<\/div>\n\t\t\t\t<\/div>\n\t\t<div class=\"elementor-element elementor-element-8007add e-con-full e-flex elementor-invisible e-con e-parent\" data-id=\"8007add\" data-element_type=\"container\" data-e-type=\"container\" data-settings=\"{&quot;background_background&quot;:&quot;classic&quot;,&quot;animation&quot;:&quot;fadeInUp&quot;}\">\n\t\t\t\t<div class=\"elementor-element elementor-element-3d0c2f8 elementor-widget elementor-widget-shortcode\" data-id=\"3d0c2f8\" data-element_type=\"widget\" data-e-type=\"widget\" data-widget_type=\"shortcode.default\">\n\t\t\t\t\t\t\t<div class=\"elementor-shortcode\">\t\t<div data-elementor-type=\"container\" data-elementor-id=\"7848\" class=\"elementor elementor-7848 elementor-6659 elementor-6659\" data-elementor-post-type=\"elementor_library\">\n\t\t\t\t<div class=\"elementor-element elementor-element-5638e4c2 e-flex e-con-boxed e-con e-parent\" data-id=\"5638e4c2\" data-element_type=\"container\" data-e-type=\"container\" data-settings=\"{&quot;background_background&quot;:&quot;classic&quot;}\">\n\t\t\t\t\t<div class=\"e-con-inner\">\n\t\t\t\t<div class=\"elementor-element elementor-element-4a0b8c65 elementor-widget elementor-widget-heading\" data-id=\"4a0b8c65\" data-element_type=\"widget\" data-e-type=\"widget\" data-widget_type=\"heading.default\">\n\t\t\t\t\t<h2 class=\"elementor-heading-title elementor-size-default\">Do you have a dual-use <br>technology project? <\/h2>\t\t\t\t<\/div>\n\t\t\t\t<div class=\"elementor-element elementor-element-74038037 elementor-widget elementor-widget-button\" data-id=\"74038037\" data-element_type=\"widget\" data-e-type=\"widget\" data-widget_type=\"button.default\">\n\t\t\t\t\t\t\t\t\t\t<a class=\"elementor-button elementor-button-link elementor-size-sm\" href=\"https:\/\/whitecirrus.com\/en\/contact\/\">\n\t\t\t\t\t\t<span class=\"elementor-button-content-wrapper\">\n\t\t\t\t\t\t\t\t\t<span class=\"elementor-button-text\">Contact us<\/span>\n\t\t\t\t\t<\/span>\n\t\t\t\t\t<\/a>\n\t\t\t\t\t\t\t\t<\/div>\n\t\t\t\t\t<\/div>\n\t\t\t\t<\/div>\n\t\t\t\t<\/div>\n\t\t<\/div>\n\t\t\t\t\t\t<\/div>\n\t\t\t\t<\/div>\n\t\t\t\t<\/div>\n\t\t","protected":false},"excerpt":{"rendered":"<p>SERVICES Soluciones estrat\u00e9gicas para la defensa del ma\u00f1ana En un entorno de seguridad en constante evoluci\u00f3n, necesitas un socio que cubra cada etapa del ciclo de vida de la tecnolog\u00eda dual. Por ello, desde White Cirrus, ayudamos a empresas innovadoras, gobiernos e inversores a conectar la agilidad del sector civil con la rigurosidad y las [&hellip;]<\/p>\n","protected":false},"author":2,"featured_media":7842,"parent":0,"menu_order":0,"comment_status":"closed","ping_status":"closed","template":"","meta":{"_acf_changed":false,"footnotes":""},"class_list":["post-7851","page","type-page","status-publish","has-post-thumbnail","hentry"],"acf":[],"yoast_head":"<!-- This site is optimized with the Yoast SEO plugin v27.5 - https:\/\/yoast.com\/product\/yoast-seo-wordpress\/ -->\n<title>Services | White Cirrus<\/title>\n<meta name=\"description\" content=\"Discover our portfolio of services: from strategic consulting in dual technology and security plans, to support in public funding\" \/>\n<meta name=\"robots\" content=\"index, follow, max-snippet:-1, max-image-preview:large, max-video-preview:-1\" \/>\n<link rel=\"canonical\" href=\"https:\/\/whitecirrus.com\/en\/services-2\/\" \/>\n<meta property=\"og:locale\" content=\"en_US\" \/>\n<meta property=\"og:type\" content=\"article\" \/>\n<meta property=\"og:title\" content=\"Services | White Cirrus\" \/>\n<meta property=\"og:description\" content=\"Discover our portfolio of services: from strategic consulting in dual technology and security plans, to support in public funding\" \/>\n<meta property=\"og:url\" content=\"https:\/\/whitecirrus.com\/en\/services-2\/\" \/>\n<meta property=\"og:site_name\" content=\"White Cirrus\" \/>\n<meta property=\"article:modified_time\" content=\"2026-03-19T16:26:53+00:00\" \/>\n<meta property=\"og:image\" content=\"https:\/\/whitecirrus.com\/wp-content\/uploads\/2025\/10\/Banner-Servicios.jpeg\" \/>\n\t<meta property=\"og:image:width\" content=\"1600\" \/>\n\t<meta property=\"og:image:height\" content=\"780\" \/>\n\t<meta property=\"og:image:type\" content=\"image\/jpeg\" \/>\n<meta name=\"twitter:card\" content=\"summary_large_image\" \/>\n<meta name=\"twitter:label1\" content=\"Est. reading time\" \/>\n\t<meta name=\"twitter:data1\" content=\"3 minutes\" \/>\n<script type=\"application\/ld+json\" class=\"yoast-schema-graph\">{\"@context\":\"https:\\\/\\\/schema.org\",\"@graph\":[{\"@type\":\"WebPage\",\"@id\":\"https:\\\/\\\/whitecirrus.com\\\/en\\\/services-2\\\/\",\"url\":\"https:\\\/\\\/whitecirrus.com\\\/en\\\/services-2\\\/\",\"name\":\"Services | White Cirrus\",\"isPartOf\":{\"@id\":\"https:\\\/\\\/whitecirrus.com\\\/en\\\/#website\"},\"primaryImageOfPage\":{\"@id\":\"https:\\\/\\\/whitecirrus.com\\\/en\\\/services-2\\\/#primaryimage\"},\"image\":{\"@id\":\"https:\\\/\\\/whitecirrus.com\\\/en\\\/services-2\\\/#primaryimage\"},\"thumbnailUrl\":\"https:\\\/\\\/whitecirrus.com\\\/wp-content\\\/uploads\\\/2025\\\/10\\\/Banner-Servicios.jpeg\",\"datePublished\":\"2026-03-19T13:29:12+00:00\",\"dateModified\":\"2026-03-19T16:26:53+00:00\",\"description\":\"Discover our portfolio of services: from strategic consulting in dual technology and security plans, to support in public funding\",\"breadcrumb\":{\"@id\":\"https:\\\/\\\/whitecirrus.com\\\/en\\\/services-2\\\/#breadcrumb\"},\"inLanguage\":\"en-US\",\"potentialAction\":[{\"@type\":\"ReadAction\",\"target\":[\"https:\\\/\\\/whitecirrus.com\\\/en\\\/services-2\\\/\"]}]},{\"@type\":\"ImageObject\",\"inLanguage\":\"en-US\",\"@id\":\"https:\\\/\\\/whitecirrus.com\\\/en\\\/services-2\\\/#primaryimage\",\"url\":\"https:\\\/\\\/whitecirrus.com\\\/wp-content\\\/uploads\\\/2025\\\/10\\\/Banner-Servicios.jpeg\",\"contentUrl\":\"https:\\\/\\\/whitecirrus.com\\\/wp-content\\\/uploads\\\/2025\\\/10\\\/Banner-Servicios.jpeg\",\"width\":1600,\"height\":780},{\"@type\":\"BreadcrumbList\",\"@id\":\"https:\\\/\\\/whitecirrus.com\\\/en\\\/services-2\\\/#breadcrumb\",\"itemListElement\":[{\"@type\":\"ListItem\",\"position\":1,\"name\":\"Portada\",\"item\":\"https:\\\/\\\/whitecirrus.com\\\/en\\\/\"},{\"@type\":\"ListItem\",\"position\":2,\"name\":\"Services\"}]},{\"@type\":\"WebSite\",\"@id\":\"https:\\\/\\\/whitecirrus.com\\\/en\\\/#website\",\"url\":\"https:\\\/\\\/whitecirrus.com\\\/en\\\/\",\"name\":\"White Cirrus\",\"description\":\"\",\"publisher\":{\"@id\":\"https:\\\/\\\/whitecirrus.com\\\/en\\\/#organization\"},\"potentialAction\":[{\"@type\":\"SearchAction\",\"target\":{\"@type\":\"EntryPoint\",\"urlTemplate\":\"https:\\\/\\\/whitecirrus.com\\\/en\\\/?s={search_term_string}\"},\"query-input\":{\"@type\":\"PropertyValueSpecification\",\"valueRequired\":true,\"valueName\":\"search_term_string\"}}],\"inLanguage\":\"en-US\"},{\"@type\":\"Organization\",\"@id\":\"https:\\\/\\\/whitecirrus.com\\\/en\\\/#organization\",\"name\":\"White Cirrus\",\"url\":\"https:\\\/\\\/whitecirrus.com\\\/en\\\/\",\"logo\":{\"@type\":\"ImageObject\",\"inLanguage\":\"en-US\",\"@id\":\"https:\\\/\\\/whitecirrus.com\\\/en\\\/#\\\/schema\\\/logo\\\/image\\\/\",\"url\":\"https:\\\/\\\/whitecirrus.com\\\/wp-content\\\/uploads\\\/2025\\\/10\\\/favicon.jpg\",\"contentUrl\":\"https:\\\/\\\/whitecirrus.com\\\/wp-content\\\/uploads\\\/2025\\\/10\\\/favicon.jpg\",\"width\":512,\"height\":512,\"caption\":\"White Cirrus\"},\"image\":{\"@id\":\"https:\\\/\\\/whitecirrus.com\\\/en\\\/#\\\/schema\\\/logo\\\/image\\\/\"}}]}<\/script>\n<!-- \/ Yoast SEO plugin. -->","yoast_head_json":{"title":"Services | White Cirrus","description":"Discover our portfolio of services: from strategic consulting in dual technology and security plans, to support in public funding","robots":{"index":"index","follow":"follow","max-snippet":"max-snippet:-1","max-image-preview":"max-image-preview:large","max-video-preview":"max-video-preview:-1"},"canonical":"https:\/\/whitecirrus.com\/en\/services-2\/","og_locale":"en_US","og_type":"article","og_title":"Services | White Cirrus","og_description":"Discover our portfolio of services: from strategic consulting in dual technology and security plans, to support in public funding","og_url":"https:\/\/whitecirrus.com\/en\/services-2\/","og_site_name":"White Cirrus","article_modified_time":"2026-03-19T16:26:53+00:00","og_image":[{"width":1600,"height":780,"url":"https:\/\/whitecirrus.com\/wp-content\/uploads\/2025\/10\/Banner-Servicios.jpeg","type":"image\/jpeg"}],"twitter_card":"summary_large_image","twitter_misc":{"Est. reading time":"3 minutes"},"schema":{"@context":"https:\/\/schema.org","@graph":[{"@type":"WebPage","@id":"https:\/\/whitecirrus.com\/en\/services-2\/","url":"https:\/\/whitecirrus.com\/en\/services-2\/","name":"Services | White Cirrus","isPartOf":{"@id":"https:\/\/whitecirrus.com\/en\/#website"},"primaryImageOfPage":{"@id":"https:\/\/whitecirrus.com\/en\/services-2\/#primaryimage"},"image":{"@id":"https:\/\/whitecirrus.com\/en\/services-2\/#primaryimage"},"thumbnailUrl":"https:\/\/whitecirrus.com\/wp-content\/uploads\/2025\/10\/Banner-Servicios.jpeg","datePublished":"2026-03-19T13:29:12+00:00","dateModified":"2026-03-19T16:26:53+00:00","description":"Discover our portfolio of services: from strategic consulting in dual technology and security plans, to support in public funding","breadcrumb":{"@id":"https:\/\/whitecirrus.com\/en\/services-2\/#breadcrumb"},"inLanguage":"en-US","potentialAction":[{"@type":"ReadAction","target":["https:\/\/whitecirrus.com\/en\/services-2\/"]}]},{"@type":"ImageObject","inLanguage":"en-US","@id":"https:\/\/whitecirrus.com\/en\/services-2\/#primaryimage","url":"https:\/\/whitecirrus.com\/wp-content\/uploads\/2025\/10\/Banner-Servicios.jpeg","contentUrl":"https:\/\/whitecirrus.com\/wp-content\/uploads\/2025\/10\/Banner-Servicios.jpeg","width":1600,"height":780},{"@type":"BreadcrumbList","@id":"https:\/\/whitecirrus.com\/en\/services-2\/#breadcrumb","itemListElement":[{"@type":"ListItem","position":1,"name":"Portada","item":"https:\/\/whitecirrus.com\/en\/"},{"@type":"ListItem","position":2,"name":"Services"}]},{"@type":"WebSite","@id":"https:\/\/whitecirrus.com\/en\/#website","url":"https:\/\/whitecirrus.com\/en\/","name":"White Cirrus","description":"","publisher":{"@id":"https:\/\/whitecirrus.com\/en\/#organization"},"potentialAction":[{"@type":"SearchAction","target":{"@type":"EntryPoint","urlTemplate":"https:\/\/whitecirrus.com\/en\/?s={search_term_string}"},"query-input":{"@type":"PropertyValueSpecification","valueRequired":true,"valueName":"search_term_string"}}],"inLanguage":"en-US"},{"@type":"Organization","@id":"https:\/\/whitecirrus.com\/en\/#organization","name":"White Cirrus","url":"https:\/\/whitecirrus.com\/en\/","logo":{"@type":"ImageObject","inLanguage":"en-US","@id":"https:\/\/whitecirrus.com\/en\/#\/schema\/logo\/image\/","url":"https:\/\/whitecirrus.com\/wp-content\/uploads\/2025\/10\/favicon.jpg","contentUrl":"https:\/\/whitecirrus.com\/wp-content\/uploads\/2025\/10\/favicon.jpg","width":512,"height":512,"caption":"White Cirrus"},"image":{"@id":"https:\/\/whitecirrus.com\/en\/#\/schema\/logo\/image\/"}}]}},"_links":{"self":[{"href":"https:\/\/whitecirrus.com\/en\/wp-json\/wp\/v2\/pages\/7851","targetHints":{"allow":["GET"]}}],"collection":[{"href":"https:\/\/whitecirrus.com\/en\/wp-json\/wp\/v2\/pages"}],"about":[{"href":"https:\/\/whitecirrus.com\/en\/wp-json\/wp\/v2\/types\/page"}],"author":[{"embeddable":true,"href":"https:\/\/whitecirrus.com\/en\/wp-json\/wp\/v2\/users\/2"}],"replies":[{"embeddable":true,"href":"https:\/\/whitecirrus.com\/en\/wp-json\/wp\/v2\/comments?post=7851"}],"version-history":[{"count":7,"href":"https:\/\/whitecirrus.com\/en\/wp-json\/wp\/v2\/pages\/7851\/revisions"}],"predecessor-version":[{"id":7915,"href":"https:\/\/whitecirrus.com\/en\/wp-json\/wp\/v2\/pages\/7851\/revisions\/7915"}],"wp:featuredmedia":[{"embeddable":true,"href":"https:\/\/whitecirrus.com\/en\/wp-json\/wp\/v2\/media\/7842"}],"wp:attachment":[{"href":"https:\/\/whitecirrus.com\/en\/wp-json\/wp\/v2\/media?parent=7851"}],"curies":[{"name":"wp","href":"https:\/\/api.w.org\/{rel}","templated":true}]}}