{"id":7768,"date":"2025-04-17T03:53:10","date_gmt":"2025-04-17T01:53:10","guid":{"rendered":"https:\/\/whitecirrus.com\/contact\/"},"modified":"2026-03-19T18:26:19","modified_gmt":"2026-03-19T16:26:19","slug":"contact","status":"publish","type":"page","link":"https:\/\/whitecirrus.com\/en\/contact\/","title":{"rendered":"Contact"},"content":{"rendered":"\t\t<div data-elementor-type=\"wp-page\" data-elementor-id=\"7768\" class=\"elementor elementor-7768 elementor-379\" data-elementor-post-type=\"page\">\n\t\t\t\t<div class=\"elementor-element elementor-element-72bf1d3 e-flex e-con-boxed e-con e-parent\" data-id=\"72bf1d3\" data-element_type=\"container\" data-e-type=\"container\" data-settings=\"{&quot;background_background&quot;:&quot;classic&quot;}\">\n\t\t\t\t\t<div class=\"e-con-inner\">\n\t\t<div class=\"elementor-element elementor-element-e54b433 e-con-full e-flex e-con e-child\" data-id=\"e54b433\" data-element_type=\"container\" data-e-type=\"container\">\n\t\t\t\t<div class=\"elementor-element elementor-element-be84765 tj_section_align elementor-align-center elementor-widget elementor-widget-tj-title\" data-id=\"be84765\" data-element_type=\"widget\" data-e-type=\"widget\" data-widget_type=\"tj-title.default\">\n\t\t\t\t<div class=\"elementor-widget-container\">\n\t\t\t\t\t\r\n<div class=\"sec-heading\">\r\n\r\n  \r\n  <h1 class=\"sec-title text-anim\">LET\u2019S CONNECT<\/h1>\r\n  <\/div>\r\n\r\n\t\t\t\t<\/div>\n\t\t\t\t<\/div>\n\t\t\t\t<\/div>\n\t\t\t\t\t<\/div>\n\t\t\t\t<\/div>\n\t\t<div class=\"elementor-element elementor-element-3467f79 e-flex e-con-boxed e-con e-parent\" data-id=\"3467f79\" data-element_type=\"container\" data-e-type=\"container\">\n\t\t\t\t\t<div class=\"e-con-inner\">\n\t\t<div class=\"elementor-element elementor-element-48353be e-con-full e-flex e-con e-child\" data-id=\"48353be\" data-element_type=\"container\" data-e-type=\"container\">\n\t\t\t\t<div class=\"elementor-element elementor-element-f552bf1 tj_section_align elementor-align-center elementor-widget elementor-widget-tj-title\" data-id=\"f552bf1\" data-element_type=\"widget\" data-e-type=\"widget\" data-widget_type=\"tj-title.default\">\n\t\t\t\t<div class=\"elementor-widget-container\">\n\t\t\t\t\t\r\n<div class=\"sec-heading\">\r\n\r\n  \r\n  <h2 class=\"sec-title text-anim\">Let's talk about your project<\/h2>\r\n  <\/div>\r\n\r\n\t\t\t\t<\/div>\n\t\t\t\t<\/div>\n\t\t\t\t<div class=\"elementor-element elementor-element-b07e8d3 elementor-widget-divider--view-line elementor-invisible elementor-widget elementor-widget-divider\" data-id=\"b07e8d3\" data-element_type=\"widget\" data-e-type=\"widget\" data-settings=\"{&quot;_animation&quot;:&quot;fadeInLeft&quot;}\" data-widget_type=\"divider.default\">\n\t\t\t\t\t\t\t<div class=\"elementor-divider\">\n\t\t\t<span class=\"elementor-divider-separator\">\n\t\t\t\t\t\t<\/span>\n\t\t<\/div>\n\t\t\t\t\t\t<\/div>\n\t\t\t\t<div class=\"elementor-element elementor-element-8064fed elementor-invisible elementor-widget elementor-widget-text-editor\" data-id=\"8064fed\" data-element_type=\"widget\" data-e-type=\"widget\" data-settings=\"{&quot;_animation&quot;:&quot;fadeInLeft&quot;}\" data-widget_type=\"text-editor.default\">\n\t\t\t\t\t\t\t\t\t<p>Whether you are a startup seeking funding, a company looking to enter the defense sector, or an investor needing advice, our team of experts is here to guide you.<\/p>\t\t\t\t\t\t\t\t<\/div>\n\t\t\t\t<\/div>\n\t\t<div class=\"elementor-element elementor-element-cbae16e e-con-full e-flex e-con e-child\" data-id=\"cbae16e\" data-element_type=\"container\" data-e-type=\"container\">\n\t\t<div class=\"elementor-element elementor-element-8c91596 e-grid e-con-full e-con e-child\" data-id=\"8c91596\" data-element_type=\"container\" data-e-type=\"container\">\n\t\t\t\t<div class=\"elementor-element elementor-element-d53ba92 elementor-widget elementor-widget-tj-contact-info\" data-id=\"d53ba92\" data-element_type=\"widget\" data-e-type=\"widget\" data-widget_type=\"tj-contact-info.default\">\n\t\t\t\t<div class=\"elementor-widget-container\">\n\t\t\t\t\t\r\n<div data-wow-delay=\"0.1s\" class=\"contact-item style-2 wow fadeInUp\">\r\n            <div class=\"contact-icon\">\r\n            <i aria-hidden=\"true\" class=\"fas fa-envelope-open fa-solid\"><\/i>        <\/div>\r\n                <h3 class=\"contact-title\">Email<\/h3>\r\n        <ul class=\"contact-list\">\r\n                    <li class=\"\">\r\n                                                                            <a href=\"mailto:hola@whitecirrus.com\">\r\n                            hola@whitecirrus.com                        <\/a>\r\n                                                <\/li>\r\n            <\/ul>\r\n<\/div>\r\n\r\n\t\t\t\t<\/div>\n\t\t\t\t<\/div>\n\t\t\t\t<div class=\"elementor-element elementor-element-484ba8f elementor-widget elementor-widget-tj-contact-info\" data-id=\"484ba8f\" data-element_type=\"widget\" data-e-type=\"widget\" data-widget_type=\"tj-contact-info.default\">\n\t\t\t\t<div class=\"elementor-widget-container\">\n\t\t\t\t\t\r\n<div data-wow-delay=\"0.3s\" class=\"contact-item style-2 wow fadeInUp\">\r\n            <div class=\"contact-icon\">\r\n            <i aria-hidden=\"true\" class=\"fas fa-map-marked-alt fa-solid\"><\/i>        <\/div>\r\n                <h3 class=\"contact-title\">Address<\/h3>\r\n        <ul class=\"contact-list\">\r\n                    <li class=\"\">\r\n                                                                            <a href=\"https:\/\/maps.app.goo.gl\/XZWuWUxgfCezTnjAA\">\r\n                            C. Rioja, 13, 41001 Sevilla                        <\/a>\r\n                                                <\/li>\r\n            <\/ul>\r\n<\/div>\r\n\r\n\t\t\t\t<\/div>\n\t\t\t\t<\/div>\n\t\t\t\t<div class=\"elementor-element elementor-element-6c89518 elementor-widget elementor-widget-tj-contact-info\" data-id=\"6c89518\" data-element_type=\"widget\" data-e-type=\"widget\" data-widget_type=\"tj-contact-info.default\">\n\t\t\t\t<div class=\"elementor-widget-container\">\n\t\t\t\t\t\r\n<div data-wow-delay=\"0.3s\" class=\"contact-item style-2 wow fadeInUp\">\r\n            <div class=\"contact-icon\">\r\n            <i aria-hidden=\"true\" class=\"fas fa-bullhorn fa-solid\"><\/i>        <\/div>\r\n                <h3 class=\"contact-title\">Social media<\/h3>\r\n        <ul class=\"contact-list\">\r\n                    <li class=\"\">\r\n                                                                            <a href=\"https:\/\/www.linkedin.com\/company\/white-cirrus\/\">\r\n                            Linkedin                        <\/a>\r\n                                                <\/li>\r\n                    <li class=\"\">\r\n                                                                            <a href=\"https:\/\/www.instagram.com\/white_cirrus\/\">\r\n                            Instagram                        <\/a>\r\n                                                <\/li>\r\n            <\/ul>\r\n<\/div>\r\n\r\n\t\t\t\t<\/div>\n\t\t\t\t<\/div>\n\t\t\t\t<\/div>\n\t\t\t\t<\/div>\n\t\t\t\t\t<\/div>\n\t\t\t\t<\/div>\n\t\t<div class=\"elementor-element elementor-element-6971d3c section-bottom-space e-flex e-con-boxed e-con e-parent\" data-id=\"6971d3c\" data-element_type=\"container\" data-e-type=\"container\">\n\t\t\t\t\t<div class=\"e-con-inner\">\n\t\t<div class=\"elementor-element elementor-element-26eedb5 e-grid e-con-full e-con e-child\" data-id=\"26eedb5\" data-element_type=\"container\" data-e-type=\"container\">\n\t\t\t\t<div class=\"elementor-element elementor-element-d4b2ae5 elementor-widget elementor-widget-tj-form\" data-id=\"d4b2ae5\" data-element_type=\"widget\" data-e-type=\"widget\" data-widget_type=\"tj-form.default\">\n\t\t\t\t<div class=\"elementor-widget-container\">\n\t\t\t\t\t\r\n<div data-wow-delay=\"0.1s\" class=\"tj-form contact-form-one style-2 wow fadeInUp\">\r\n  \r\n      \n<div class=\"wpcf7 no-js\" id=\"wpcf7-f7776-o1\" lang=\"en-US\" dir=\"ltr\" data-wpcf7-id=\"7776\">\n<div class=\"screen-reader-response\"><p role=\"status\" aria-live=\"polite\" aria-atomic=\"true\"><\/p> <ul><\/ul><\/div>\n<form action=\"\/en\/wp-json\/wp\/v2\/pages\/7768#wpcf7-f7776-o1\" method=\"post\" class=\"wpcf7-form init\" aria-label=\"Contact form\" novalidate=\"novalidate\" data-status=\"init\">\n<fieldset class=\"hidden-fields-container\"><input type=\"hidden\" name=\"_wpcf7\" value=\"7776\" \/><input type=\"hidden\" name=\"_wpcf7_version\" value=\"6.1.5\" \/><input type=\"hidden\" name=\"_wpcf7_locale\" value=\"en_US\" \/><input type=\"hidden\" name=\"_wpcf7_unit_tag\" value=\"wpcf7-f7776-o1\" \/><input type=\"hidden\" name=\"_wpcf7_container_post\" value=\"0\" \/><input type=\"hidden\" name=\"_wpcf7_posted_data_hash\" value=\"\" \/>\n<\/fieldset>\n<div class=\"row\">\n  <div class=\"col-sm-12\">\n    <div class=\"form-input\">\n <span class=\"wpcf7-form-control-wrap\" data-name=\"nombre\"><input size=\"40\" maxlength=\"400\" class=\"wpcf7-form-control wpcf7-text wpcf7-validates-as-required\" aria-required=\"true\" aria-invalid=\"false\" placeholder=\"Full name\" value=\"\" type=\"text\" name=\"nombre\" \/><\/span>\n    <\/div>\n  <\/div>\n<div class=\"col-sm-6\">\n    <div class=\"form-input\">\n <span class=\"wpcf7-form-control-wrap\" data-name=\"empresa\"><input size=\"40\" maxlength=\"400\" class=\"wpcf7-form-control wpcf7-text wpcf7-validates-as-required\" aria-required=\"true\" aria-invalid=\"false\" placeholder=\"Company\" value=\"\" type=\"text\" name=\"empresa\" \/><\/span>\n    <\/div>\n  <\/div>\n  <div class=\"col-sm-6\">\n    <div class=\"form-input\">\n <span class=\"wpcf7-form-control-wrap\" data-name=\"email\"><input size=\"40\" maxlength=\"400\" class=\"wpcf7-form-control wpcf7-email wpcf7-validates-as-required wpcf7-text wpcf7-validates-as-email\" aria-required=\"true\" aria-invalid=\"false\" placeholder=\"Email address\" value=\"\" type=\"email\" name=\"email\" \/><\/span>\n    <\/div>\n  <\/div>\n  <div class=\"col-sm-6\">\n    <div class=\"form-input\">\n      <span class=\"wpcf7-form-control-wrap\" data-name=\"telefono\"><input size=\"40\" maxlength=\"400\" class=\"wpcf7-form-control wpcf7-tel wpcf7-text wpcf7-validates-as-tel\" aria-invalid=\"false\" placeholder=\"Phone\" value=\"\" type=\"tel\" name=\"telefono\" \/><\/span>\n    <\/div>\n  <\/div>\n  <div class=\"col-sm-6\">\n    <div class=\"form-input\">\n      <div class=\"tj-nice-select-box\">\n        <div class=\"tj-select\">\n <span class=\"wpcf7-form-control-wrap\" data-name=\"ayudarte\"><select class=\"wpcf7-form-control wpcf7-select wpcf7-validates-as-required nice-select\" aria-required=\"true\" aria-invalid=\"false\" name=\"ayudarte\"><option value=\"How can we help you?\">How can we help you?<\/option><option value=\"Strategic Consulting\">Strategic Consulting<\/option><option value=\"Financing\">Financing<\/option><option value=\"Segurity\">Segurity<\/option><option value=\"Artificial Intelligence\">Artificial Intelligence<\/option><option value=\"Other\">Other<\/option><\/select><\/span>\n        <\/div>\n      <\/div>\n    <\/div>\n  <\/div>\n  <div class=\"col-12\">\n    <div class=\"form-input input-textarea\">\n      <span class=\"wpcf7-form-control-wrap\" data-name=\"mensaje\"><textarea cols=\"40\" rows=\"10\" maxlength=\"2000\" class=\"wpcf7-form-control wpcf7-textarea\" aria-invalid=\"false\" placeholder=\"Message\" name=\"mensaje\"><\/textarea><\/span>\n    <\/div>\n  <\/div>\n<div class=\"col-sm-12\">\n    <div class=\"form-input\">\n      <span class=\"wpcf7-form-control-wrap\" data-name=\"privacidad\"><span class=\"wpcf7-form-control wpcf7-acceptance\"><span class=\"wpcf7-list-item\"><label><input type=\"checkbox\" name=\"privacidad\" value=\"1\" aria-invalid=\"false\" \/><span class=\"wpcf7-list-item-label\">I accept the privacy policy<\/span><\/label><\/span><\/span><\/span>\n    <\/div>\n<div class=\"wpcf7-turnstile cf-turnstile\" data-sitekey=\"0x4AAAAAAB8Z8Dch73t-Pgrz\" data-response-field-name=\"_wpcf7_turnstile_response\"><\/div>\n  <\/div>\n  <div class=\"submit-button\">\n    <button type=\"submit\" class=\"tj-primary-btn\">\n      <span class=\"btn_inner\">\n        <span class=\"btn_icon\">\n          <span>\n            <i class=\"tji-arrow-right\"><\/i>\n            <i class=\"tji-arrow-right\"><\/i>\n          <\/span>\n        <\/span>\n        <span class=\"btn_text\">\n          <span>Send<\/span>\n        <\/span>\n      <\/span>\n    <\/button>\n  <\/div>\n<\/div><div class=\"wpcf7-response-output\" aria-hidden=\"true\"><\/div>\n<\/form>\n<\/div>\n  <\/div>\r\n\r\n\t\t\t\t<\/div>\n\t\t\t\t<\/div>\n\t\t\t\t<div class=\"elementor-element elementor-element-f6c59bc elementor-invisible elementor-widget elementor-widget-html\" data-id=\"f6c59bc\" data-element_type=\"widget\" data-e-type=\"widget\" data-settings=\"{&quot;_animation&quot;:&quot;fadeInUp&quot;}\" data-widget_type=\"html.default\">\n\t\t\t\t\t<iframe src=\"https:\/\/www.google.com\/maps\/embed?pb=!1m18!1m12!1m3!1d3169.9599995660674!2d-5.998316724668673!3d37.39077823418771!2m3!1f0!2f0!3f0!3m2!1i1024!2i768!4f13.1!3m3!1m2!1s0xd126c1026131a83%3A0xa35bdb001083a803!2sC.%20Rioja%2C%2013%2C%20C%2C%20Casco%20Antiguo%2C%2041001%20Sevilla!5e0!3m2!1ses!2ses!4v1760544887811!5m2!1ses!2ses\" width=\"600\" height=\"450\" style=\"border:0;\" allowfullscreen=\"\" loading=\"lazy\" referrerpolicy=\"no-referrer-when-downgrade\"><\/iframe>\t\t\t\t<\/div>\n\t\t\t\t<\/div>\n\t\t\t\t\t<\/div>\n\t\t\t\t<\/div>\n\t\t\t\t<\/div>\n\t\t","protected":false},"excerpt":{"rendered":"<p>LET\u2019S CONNECT Let&#8217;s talk about your project Whether you are a startup seeking funding, a company looking to enter the defense sector, or an investor needing advice, our team of experts is here to guide you. Email hola@whitecirrus.com Address C. Rioja, 13, 41001 Sevilla Social media Linkedin Instagram \u00bfEn qu\u00e9 podemos ayudarte?Consultor\u00eda Estrat\u00e9gicaFinanciaci\u00f3nSeguridadInteligencia ArtificialOtros Acepto [&hellip;]<\/p>\n","protected":false},"author":1,"featured_media":7767,"parent":0,"menu_order":0,"comment_status":"closed","ping_status":"closed","template":"elementor_header_footer","meta":{"_acf_changed":false,"footnotes":""},"class_list":["post-7768","page","type-page","status-publish","has-post-thumbnail","hentry"],"acf":[],"yoast_head":"<!-- This site is optimized with the Yoast SEO plugin v27.3 - https:\/\/yoast.com\/product\/yoast-seo-wordpress\/ -->\n<title>Contact | White Cirrus<\/title>\n<meta name=\"description\" content=\"Contact White Cirrus for a consultation about your dual technology or security project. Let&#039;s talk about how we can help you achieve your goals in the defense sector.\" \/>\n<meta name=\"robots\" content=\"index, follow, max-snippet:-1, max-image-preview:large, max-video-preview:-1\" \/>\n<link rel=\"canonical\" href=\"https:\/\/whitecirrus.com\/en\/contact\/\" \/>\n<meta property=\"og:locale\" content=\"en_US\" \/>\n<meta property=\"og:type\" content=\"article\" \/>\n<meta property=\"og:title\" content=\"Contact | White Cirrus\" \/>\n<meta property=\"og:description\" content=\"Contact White Cirrus for a consultation about your dual technology or security project. Let&#039;s talk about how we can help you achieve your goals in the defense sector.\" \/>\n<meta property=\"og:url\" content=\"https:\/\/whitecirrus.com\/en\/contact\/\" \/>\n<meta property=\"og:site_name\" content=\"White Cirrus\" \/>\n<meta property=\"article:modified_time\" content=\"2026-03-19T16:26:19+00:00\" \/>\n<meta property=\"og:image\" content=\"https:\/\/whitecirrus.com\/wp-content\/uploads\/2025\/10\/Banner-2-Home-scaled.jpg\" \/>\n\t<meta property=\"og:image:width\" content=\"2560\" \/>\n\t<meta property=\"og:image:height\" content=\"989\" \/>\n\t<meta property=\"og:image:type\" content=\"image\/jpeg\" \/>\n<meta name=\"twitter:card\" content=\"summary_large_image\" \/>\n<meta name=\"twitter:label1\" content=\"Est. reading time\" \/>\n\t<meta name=\"twitter:data1\" content=\"1 minute\" \/>\n<script type=\"application\/ld+json\" class=\"yoast-schema-graph\">{\"@context\":\"https:\\\/\\\/schema.org\",\"@graph\":[{\"@type\":\"WebPage\",\"@id\":\"https:\\\/\\\/whitecirrus.com\\\/en\\\/contact\\\/\",\"url\":\"https:\\\/\\\/whitecirrus.com\\\/en\\\/contact\\\/\",\"name\":\"Contact | White Cirrus\",\"isPartOf\":{\"@id\":\"https:\\\/\\\/whitecirrus.com\\\/en\\\/#website\"},\"primaryImageOfPage\":{\"@id\":\"https:\\\/\\\/whitecirrus.com\\\/en\\\/contact\\\/#primaryimage\"},\"image\":{\"@id\":\"https:\\\/\\\/whitecirrus.com\\\/en\\\/contact\\\/#primaryimage\"},\"thumbnailUrl\":\"https:\\\/\\\/whitecirrus.com\\\/wp-content\\\/uploads\\\/2025\\\/10\\\/Banner-2-Home-scaled.jpg\",\"datePublished\":\"2025-04-17T01:53:10+00:00\",\"dateModified\":\"2026-03-19T16:26:19+00:00\",\"description\":\"Contact White Cirrus for a consultation about your dual technology or security project. Let's talk about how we can help you achieve your goals in the defense sector.\",\"breadcrumb\":{\"@id\":\"https:\\\/\\\/whitecirrus.com\\\/en\\\/contact\\\/#breadcrumb\"},\"inLanguage\":\"en-US\",\"potentialAction\":[{\"@type\":\"ReadAction\",\"target\":[\"https:\\\/\\\/whitecirrus.com\\\/en\\\/contact\\\/\"]}]},{\"@type\":\"ImageObject\",\"inLanguage\":\"en-US\",\"@id\":\"https:\\\/\\\/whitecirrus.com\\\/en\\\/contact\\\/#primaryimage\",\"url\":\"https:\\\/\\\/whitecirrus.com\\\/wp-content\\\/uploads\\\/2025\\\/10\\\/Banner-2-Home-scaled.jpg\",\"contentUrl\":\"https:\\\/\\\/whitecirrus.com\\\/wp-content\\\/uploads\\\/2025\\\/10\\\/Banner-2-Home-scaled.jpg\",\"width\":2560,\"height\":989,\"caption\":\"Contact White Cirrus\"},{\"@type\":\"BreadcrumbList\",\"@id\":\"https:\\\/\\\/whitecirrus.com\\\/en\\\/contact\\\/#breadcrumb\",\"itemListElement\":[{\"@type\":\"ListItem\",\"position\":1,\"name\":\"Portada\",\"item\":\"https:\\\/\\\/whitecirrus.com\\\/en\\\/\"},{\"@type\":\"ListItem\",\"position\":2,\"name\":\"Contact\"}]},{\"@type\":\"WebSite\",\"@id\":\"https:\\\/\\\/whitecirrus.com\\\/en\\\/#website\",\"url\":\"https:\\\/\\\/whitecirrus.com\\\/en\\\/\",\"name\":\"White Cirrus\",\"description\":\"\",\"publisher\":{\"@id\":\"https:\\\/\\\/whitecirrus.com\\\/en\\\/#organization\"},\"potentialAction\":[{\"@type\":\"SearchAction\",\"target\":{\"@type\":\"EntryPoint\",\"urlTemplate\":\"https:\\\/\\\/whitecirrus.com\\\/en\\\/?s={search_term_string}\"},\"query-input\":{\"@type\":\"PropertyValueSpecification\",\"valueRequired\":true,\"valueName\":\"search_term_string\"}}],\"inLanguage\":\"en-US\"},{\"@type\":\"Organization\",\"@id\":\"https:\\\/\\\/whitecirrus.com\\\/en\\\/#organization\",\"name\":\"White Cirrus\",\"url\":\"https:\\\/\\\/whitecirrus.com\\\/en\\\/\",\"logo\":{\"@type\":\"ImageObject\",\"inLanguage\":\"en-US\",\"@id\":\"https:\\\/\\\/whitecirrus.com\\\/en\\\/#\\\/schema\\\/logo\\\/image\\\/\",\"url\":\"https:\\\/\\\/whitecirrus.com\\\/wp-content\\\/uploads\\\/2025\\\/10\\\/favicon.jpg\",\"contentUrl\":\"https:\\\/\\\/whitecirrus.com\\\/wp-content\\\/uploads\\\/2025\\\/10\\\/favicon.jpg\",\"width\":512,\"height\":512,\"caption\":\"White Cirrus\"},\"image\":{\"@id\":\"https:\\\/\\\/whitecirrus.com\\\/en\\\/#\\\/schema\\\/logo\\\/image\\\/\"}}]}<\/script>\n<!-- \/ Yoast SEO plugin. -->","yoast_head_json":{"title":"Contact | White Cirrus","description":"Contact White Cirrus for a consultation about your dual technology or security project. Let's talk about how we can help you achieve your goals in the defense sector.","robots":{"index":"index","follow":"follow","max-snippet":"max-snippet:-1","max-image-preview":"max-image-preview:large","max-video-preview":"max-video-preview:-1"},"canonical":"https:\/\/whitecirrus.com\/en\/contact\/","og_locale":"en_US","og_type":"article","og_title":"Contact | White Cirrus","og_description":"Contact White Cirrus for a consultation about your dual technology or security project. Let's talk about how we can help you achieve your goals in the defense sector.","og_url":"https:\/\/whitecirrus.com\/en\/contact\/","og_site_name":"White Cirrus","article_modified_time":"2026-03-19T16:26:19+00:00","og_image":[{"width":2560,"height":989,"url":"https:\/\/whitecirrus.com\/wp-content\/uploads\/2025\/10\/Banner-2-Home-scaled.jpg","type":"image\/jpeg"}],"twitter_card":"summary_large_image","twitter_misc":{"Est. reading time":"1 minute"},"schema":{"@context":"https:\/\/schema.org","@graph":[{"@type":"WebPage","@id":"https:\/\/whitecirrus.com\/en\/contact\/","url":"https:\/\/whitecirrus.com\/en\/contact\/","name":"Contact | White Cirrus","isPartOf":{"@id":"https:\/\/whitecirrus.com\/en\/#website"},"primaryImageOfPage":{"@id":"https:\/\/whitecirrus.com\/en\/contact\/#primaryimage"},"image":{"@id":"https:\/\/whitecirrus.com\/en\/contact\/#primaryimage"},"thumbnailUrl":"https:\/\/whitecirrus.com\/wp-content\/uploads\/2025\/10\/Banner-2-Home-scaled.jpg","datePublished":"2025-04-17T01:53:10+00:00","dateModified":"2026-03-19T16:26:19+00:00","description":"Contact White Cirrus for a consultation about your dual technology or security project. Let's talk about how we can help you achieve your goals in the defense sector.","breadcrumb":{"@id":"https:\/\/whitecirrus.com\/en\/contact\/#breadcrumb"},"inLanguage":"en-US","potentialAction":[{"@type":"ReadAction","target":["https:\/\/whitecirrus.com\/en\/contact\/"]}]},{"@type":"ImageObject","inLanguage":"en-US","@id":"https:\/\/whitecirrus.com\/en\/contact\/#primaryimage","url":"https:\/\/whitecirrus.com\/wp-content\/uploads\/2025\/10\/Banner-2-Home-scaled.jpg","contentUrl":"https:\/\/whitecirrus.com\/wp-content\/uploads\/2025\/10\/Banner-2-Home-scaled.jpg","width":2560,"height":989,"caption":"Contact White Cirrus"},{"@type":"BreadcrumbList","@id":"https:\/\/whitecirrus.com\/en\/contact\/#breadcrumb","itemListElement":[{"@type":"ListItem","position":1,"name":"Portada","item":"https:\/\/whitecirrus.com\/en\/"},{"@type":"ListItem","position":2,"name":"Contact"}]},{"@type":"WebSite","@id":"https:\/\/whitecirrus.com\/en\/#website","url":"https:\/\/whitecirrus.com\/en\/","name":"White Cirrus","description":"","publisher":{"@id":"https:\/\/whitecirrus.com\/en\/#organization"},"potentialAction":[{"@type":"SearchAction","target":{"@type":"EntryPoint","urlTemplate":"https:\/\/whitecirrus.com\/en\/?s={search_term_string}"},"query-input":{"@type":"PropertyValueSpecification","valueRequired":true,"valueName":"search_term_string"}}],"inLanguage":"en-US"},{"@type":"Organization","@id":"https:\/\/whitecirrus.com\/en\/#organization","name":"White Cirrus","url":"https:\/\/whitecirrus.com\/en\/","logo":{"@type":"ImageObject","inLanguage":"en-US","@id":"https:\/\/whitecirrus.com\/en\/#\/schema\/logo\/image\/","url":"https:\/\/whitecirrus.com\/wp-content\/uploads\/2025\/10\/favicon.jpg","contentUrl":"https:\/\/whitecirrus.com\/wp-content\/uploads\/2025\/10\/favicon.jpg","width":512,"height":512,"caption":"White Cirrus"},"image":{"@id":"https:\/\/whitecirrus.com\/en\/#\/schema\/logo\/image\/"}}]}},"_links":{"self":[{"href":"https:\/\/whitecirrus.com\/en\/wp-json\/wp\/v2\/pages\/7768","targetHints":{"allow":["GET"]}}],"collection":[{"href":"https:\/\/whitecirrus.com\/en\/wp-json\/wp\/v2\/pages"}],"about":[{"href":"https:\/\/whitecirrus.com\/en\/wp-json\/wp\/v2\/types\/page"}],"author":[{"embeddable":true,"href":"https:\/\/whitecirrus.com\/en\/wp-json\/wp\/v2\/users\/1"}],"replies":[{"embeddable":true,"href":"https:\/\/whitecirrus.com\/en\/wp-json\/wp\/v2\/comments?post=7768"}],"version-history":[{"count":6,"href":"https:\/\/whitecirrus.com\/en\/wp-json\/wp\/v2\/pages\/7768\/revisions"}],"predecessor-version":[{"id":7914,"href":"https:\/\/whitecirrus.com\/en\/wp-json\/wp\/v2\/pages\/7768\/revisions\/7914"}],"wp:featuredmedia":[{"embeddable":true,"href":"https:\/\/whitecirrus.com\/en\/wp-json\/wp\/v2\/media\/7767"}],"wp:attachment":[{"href":"https:\/\/whitecirrus.com\/en\/wp-json\/wp\/v2\/media?parent=7768"}],"curies":[{"name":"wp","href":"https:\/\/api.w.org\/{rel}","templated":true}]}}